{"id":821,"date":"2023-03-29T08:18:45","date_gmt":"2023-03-29T08:18:45","guid":{"rendered":"https:\/\/inoxformes.com\/?page_id=821"},"modified":"2023-03-29T08:21:54","modified_gmt":"2023-03-29T08:21:54","slug":"politica-de-cookies","status":"publish","type":"page","link":"https:\/\/inoxformes.com\/index.php\/politica-de-cookies\/","title":{"rendered":"Pol\u00edtica de Cookies"},"content":{"rendered":"\n<h2 class=\"wp-block-heading\"><strong>Pol\u00edtica de Cookies<\/strong><\/h2>\n\n\n\n<p>En cumplimiento con lo establecido en la Ley 34\/2002 de 11 de Julio, de Servicios de la Sociedad de la Informaci\u00f3n y el Comercio Electr\u00f3nico (LSSICE), se informa de los siguientes aspectos legales:<\/p>\n\n\n\n<h3 class=\"wp-block-heading\"><strong>PROPIEDAD DEL SITIO WEB<\/strong><\/h3>\n\n\n\n<p>Responsable: INOX-FORMES SL (en adelante INOX-FORMES)<br>Nif: B17495888<br>Direcci\u00f3n: Pol\u00edgono Industrial Les Coromines, 31, 17857, Girona<br>Tel\u00e9fono: 972 29 07 29<br>Email: info@inoxformes.com<\/p>\n\n\n\n<h3 class=\"wp-block-heading\"><strong>INFORMACI\u00d3N Y TERMINOLOG\u00cdA<\/strong><\/h3>\n\n\n\n<p>Las cookies son archivos peque\u00f1os que las p\u00e1ginas web, tiendas online, intranets, plataformas en l\u00ednea o similares, se almacenan en el navegador del usuario que las visita y resultan necesarios para aportar a la navegaci\u00f3n web innumerables ventajas en la prestaci\u00f3n de servicios interactivos<\/p>\n\n\n\n<p>La siguiente informaci\u00f3n de los tipos posibles de cookies ayuda a comprender mejor las funciones que hacen posible:<\/p>\n\n\n\n<ul class=\"wp-block-list\">\n<li>Cookies de sesi\u00f3n:<br>Son cookies temporales que permanecen en el espacio de cookies de su equipo hasta que cierra el navegador, de modo que ninguna queda registrada en el disco del usuario. La informaci\u00f3n obtenida por medio de estas cookies sirve para hacer posible la gesti\u00f3n operativa con cada uno de los usuarios que est\u00e1 accediendo de forma simult\u00e1nea en la web.<\/li>\n\n\n\n<li>Cookies persistentes:<br>Son cookies que permanecen almacenadas en el espacio de cookies de su equipo una vez cerrado el navegador, y que en cuanto la pr\u00f3xima vez que se vuelva a consultar la p\u00e1gina web recordar\u00e1 informaci\u00f3n que facilite la navegaci\u00f3n (acceder directamente al servicio sin necesidad de hacer el proceso de conexi\u00f3n) o la prestaci\u00f3n de un servicio comercial (ofrecer aquellos productos o servicios relacionados con anteriores visitas).<\/li>\n\n\n\n<li>Las cookies intercambiadas al navegar por una p\u00e1gina web pueden ser:\n<ul class=\"wp-block-list\">\n<li>Cookies de origen o propias:<br>Son cookies generadas por la propia p\u00e1gina web que se est\u00e1 visitando.<\/li>\n\n\n\n<li>Cookies de terceros:<br>Son cookies que se reciben al navegar por esta p\u00e1gina web, pero que han sido generadas por un tercer servicio que se encuentra alojado en ella. Un ejemplo puede ser la cookie utilizada para un anuncio o banner de publicidad que se encuentra en la p\u00e1gina web que visitamos. Otro puede ser la cookie utilizada por un contador de visitantes contratado por la p\u00e1gina web que visitamos.<br>Las cookies pueden ser usadas para:<\/li>\n\n\n\n<li>Fines t\u00e9cnicos:<br>Son las llamadas tambi\u00e9n \u00abestrictamente necesarias\u00bb. Permiten al usuario la navegaci\u00f3n a trav\u00e9s de una p\u00e1gina web, plataforma o aplicaci\u00f3n y la utilizaci\u00f3n de las diferentes opciones o servicios que en ella haya como, por ejemplo, controlar el tr\u00e1fico y la comunicaci\u00f3n de datos, identificar la sesi\u00f3n, acceder a partes de acceso restringido, recordar los elementos que integran un pedido, realizar el proceso de compra de un pedido, realizar la solicitud de inscripci\u00f3n o participaci\u00f3n en un evento, utilizar elementos de seguridad durante la navegaci\u00f3n, almacenar contenidos para la difusi\u00f3n de v\u00eddeos o sonido o compartir contenidos a trav\u00e9s de redes sociales.<\/li>\n\n\n\n<li>Personalizaci\u00f3n:<br>Hacen posible que cada usuario pueda configurar aspectos como el lenguaje en el que desea ver la p\u00e1gina web, formatos de visualizaci\u00f3n, etc.<\/li>\n\n\n\n<li>An\u00e1lisis o rendimiento:<br>Permiten medir el n\u00famero de visitas y criterios de navegaci\u00f3n de diferentes \u00e1reas de la web, aplicaci\u00f3n o plataforma y nos permite elaborar perfiles de navegaci\u00f3n de los usuarios de estos sitios, aplicaciones y plataformas, para introducir mejoras en funci\u00f3n del an\u00e1lisis de los datos de uso recogidos que hacen los usuarios del servicio.<\/li>\n\n\n\n<li>Publicidad:<br>Permiten implementar par\u00e1metros de eficiencia en la publicidad ofrecida en las p\u00e1ginas web.<\/li>\n\n\n\n<li>Publicidad comportamental:<br>Permiten implementar par\u00e1metros de eficiencia en la publicidad ofrecida a las p\u00e1ginas web, basados en informaci\u00f3n sobre el comportamiento de los usuarios obtenido a trav\u00e9s de la observaci\u00f3n continuada de sus h\u00e1bitos de navegaci\u00f3n, lo que permite desarrollar un perfil espec\u00edfico para mostrar publicidad en funci\u00f3n del mismo.<\/li>\n<\/ul>\n<\/li>\n<\/ul>\n\n\n\n<h3 class=\"wp-block-heading\"><strong>DETALLE DE COOKIES UTILIZADAS<\/strong><\/h3>\n\n\n\n<p class=\"has-black-color has-text-color\">El sitio web de INOX-FORMES utiliza cookies para el correcto funcionamiento y visualizaci\u00f3n de los sitios web por parte del usuario, as\u00ed como la recogida de estad\u00edsticas. En concreto, se utilizan las cookies siguientes:<\/p>\n\n\n\n<ul class=\"wp-block-list\">\n<li>Idioma (Para guardar el idioma seleccionado por el usuario)<\/li>\n\n\n\n<li>Aceptaci\u00f3n de Cookies (para recordar que se ha aceptado el uso de cookies)<\/li>\n\n\n\n<li>Sesi\u00f3n (guarda la \u00faltima fecha de conexi\u00f3n a la web)<\/li>\n<\/ul>\n\n\n\n<p class=\"has-black-color has-text-color\">Ninguna de ellas guarda ning\u00fan tipo de datos del usuario.<\/p>\n\n\n\n<h3 class=\"wp-block-heading\"><strong>SERVICIOS DE TERCEROS<\/strong><\/h3>\n\n\n\n<p class=\"has-black-color has-text-color\">Adicionalmente, INOX-FORMES tiene presencia en portales y servicios de terceros para los que, si desea conocer las condiciones de privacidad y uso de cookies, se deben consultar las pol\u00edticas proporcionadas por los mismos:<\/p>\n\n\n\n<p class=\"has-black-color has-text-color\">Facebook: <a href=\"https:\/\/es-es.facebook.com\/help\/cookies\">https:\/\/es-es.facebook.com\/help\/cookies<br><\/a>Twitter: <a href=\"https:\/\/twitter.com\/privacy\">https:\/\/twitter.com\/privacy<br><\/a>Youtube: <a href=\"https:\/\/www.google.es\/intl\/es\/policies\/technologies\/cookies\/\">https:\/\/www.google.es\/intl\/es\/policies\/technologies\/cookies\/<br><\/a>Linkedin: <a href=\"http:\/\/www.linkedin.com\/legal\/privacy-policy\">http:\/\/www.linkedin.com\/legal\/privacy-policy<br><\/a>Google+: <a href=\"https:\/\/www.google.es\/intl\/es\/policies\/technologies\/cookies\/\">https:\/\/www.google.es\/intl\/es\/policies\/technologies\/cookies\/<br><\/a>Instagram: <a href=\"https:\/\/www.facebook.com\/policies\/cookies\/\">https:\/\/www.facebook.com\/policies\/cookies\/<\/a><\/p>\n\n\n\n<h3 class=\"wp-block-heading\"><strong>ACEPTACI\u00d3N DE LA POL\u00cdTICA DE COOKIES<\/strong><\/h3>\n\n\n\n<p class=\"has-black-color has-text-color\">INOX-FORMES muestra informaci\u00f3n acerca de su Pol\u00edtica de en Cookies en la parte inferior de la p\u00e1gina inicial del sitio web con cada inicio de sesi\u00f3n con el objeto de que usted sea consciente.<\/p>\n\n\n\n<p class=\"has-black-color has-text-color\">Ante esta informaci\u00f3n es posible llevar a cabo las siguientes acciones:<\/p>\n\n\n\n<ul class=\"wp-block-list\">\n<li>Aceptar las Cookies: No se volver\u00e1 a visualizar este aviso al acceder a cualquier p\u00e1gina del portal durante la presente sesi\u00f3n<\/li>\n\n\n\n<li>Modificar la configuraci\u00f3n: M\u00e1s adelante le damos informaci\u00f3n sobre c\u00f3mo modificar la configuraci\u00f3n de su navegador para restringir o bloquear las cookies en cualquier momento. En el caso de restringir o bloquear las cookies puede ver reducidas las funcionalidades de la web.<\/li>\n\n\n\n<li>Seguir navegando o mover por la barra de desplazamiento: En este caso se ir\u00e1 pidiendo el consentimiento.<\/li>\n<\/ul>\n\n\n\n<h3 class=\"wp-block-heading\"><strong>COMO MODIFICAR LA CONFIGURACI\u00d3N DE LAS COOKIES<\/strong><\/h3>\n\n\n\n<p class=\"has-black-color has-text-color\">Usted puede restringir, bloquear o borrar las cookies de INOX-FORMES o cualquier otra p\u00e1gina web, utilizando su navegador. En cada navegador la operativa es diferente, la funci\u00f3n de \u00abAyuda\u00bb le mostrar\u00e1 c\u00f3mo hacerlo:<\/p>\n\n\n\n<p class=\"has-black-color has-text-color\">Internet Explorer: <a href=\"https:\/\/support.microsoft.com\/es-es\/help\/17442\/windows-internet-explorer-delete-manage-cookies#ie=\">https:\/\/support.microsoft.com\/es-es\/help\/17442\/windows-internet-explorer-delete-manage-cookies#ie=<br><\/a>FireFox: <a href=\"https:\/\/support.mozilla.org\/es\/kb\/Borrar%20cookies\">https:\/\/support.mozilla.org\/es\/kb\/Borrar%20cookies<br><\/a>Chrome: <a href=\"https:\/\/support.google.com\/chrome\/answer\/95647?hl=%22es%22\">https:\/\/support.google.com\/chrome\/answer\/95647?hl=\u00bbes\u00bb<br><\/a>Safari: <a href=\"https:\/\/www.apple.com\/legal\/privacy\/es\/cookies\/\">https:\/\/www.apple.com\/legal\/privacy\/es\/cookies\/<\/a><\/p>\n\n\n\n<p class=\"has-black-color has-text-color\">Adem\u00e1s, tambi\u00e9n puede gestionar el almac\u00e9n de cookies en su navegador a trav\u00e9s de herramientas como las siguientes:<\/p>\n\n\n\n<p class=\"has-black-color has-text-color\">Ghostery: <a href=\"https:\/\/www.ghostery.com\/\">https:\/\/www.ghostery.com\/<br><\/a>Your online choices: <a href=\"http:\/\/www.youronlinechoices.com\/es\/\">http:\/\/www.youronlinechoices.com\/es\/<\/a><\/p>\n","protected":false},"excerpt":{"rendered":"<p>Pol\u00edtica de Cookies En cumplimiento con lo establecido en la Ley 34\/2002 de 11 de Julio, de Servicios de la Sociedad de la Informaci\u00f3n y el Comercio Electr\u00f3nico (LSSICE), se informa de los siguientes aspectos legales: PROPIEDAD DEL SITIO WEB Responsable: INOX-FORMES SL (en adelante INOX-FORMES)Nif: B17495888Direcci\u00f3n: Pol\u00edgono Industrial Les Coromines, 31, 17857, GironaTel\u00e9fono: 972 [&hellip;]<\/p>\n","protected":false},"author":1,"featured_media":0,"parent":0,"menu_order":0,"comment_status":"closed","ping_status":"open","template":"","meta":{"site-sidebar-layout":"default","site-content-layout":"","ast-site-content-layout":"","site-content-style":"default","site-sidebar-style":"default","ast-global-header-display":"","ast-banner-title-visibility":"","ast-main-header-display":"","ast-hfb-above-header-display":"","ast-hfb-below-header-display":"","ast-hfb-mobile-header-display":"","site-post-title":"disabled","ast-breadcrumbs-content":"","ast-featured-img":"","footer-sml-layout":"","theme-transparent-header-meta":"","adv-header-id-meta":"","stick-header-meta":"","header-above-stick-meta":"","header-main-stick-meta":"","header-below-stick-meta":"","astra-migrate-meta-layouts":"default","ast-page-background-enabled":"default","ast-page-background-meta":{"desktop":{"background-color":"","background-image":"","background-repeat":"repeat","background-position":"center center","background-size":"auto","background-attachment":"scroll","background-type":"","background-media":"","overlay-type":"","overlay-color":"","overlay-opacity":"","overlay-gradient":""},"tablet":{"background-color":"","background-image":"","background-repeat":"repeat","background-position":"center center","background-size":"auto","background-attachment":"scroll","background-type":"","background-media":"","overlay-type":"","overlay-color":"","overlay-opacity":"","overlay-gradient":""},"mobile":{"background-color":"","background-image":"","background-repeat":"repeat","background-position":"center center","background-size":"auto","background-attachment":"scroll","background-type":"","background-media":"","overlay-type":"","overlay-color":"","overlay-opacity":"","overlay-gradient":""}},"ast-content-background-meta":{"desktop":{"background-color":"var(--ast-global-color-5)","background-image":"","background-repeat":"repeat","background-position":"center center","background-size":"auto","background-attachment":"scroll","background-type":"","background-media":"","overlay-type":"","overlay-color":"","overlay-opacity":"","overlay-gradient":""},"tablet":{"background-color":"var(--ast-global-color-5)","background-image":"","background-repeat":"repeat","background-position":"center center","background-size":"auto","background-attachment":"scroll","background-type":"","background-media":"","overlay-type":"","overlay-color":"","overlay-opacity":"","overlay-gradient":""},"mobile":{"background-color":"var(--ast-global-color-5)","background-image":"","background-repeat":"repeat","background-position":"center center","background-size":"auto","background-attachment":"scroll","background-type":"","background-media":"","overlay-type":"","overlay-color":"","overlay-opacity":"","overlay-gradient":""}},"footnotes":""},"class_list":["post-821","page","type-page","status-publish","hentry"],"_links":{"self":[{"href":"https:\/\/inoxformes.com\/index.php\/wp-json\/wp\/v2\/pages\/821","targetHints":{"allow":["GET"]}}],"collection":[{"href":"https:\/\/inoxformes.com\/index.php\/wp-json\/wp\/v2\/pages"}],"about":[{"href":"https:\/\/inoxformes.com\/index.php\/wp-json\/wp\/v2\/types\/page"}],"author":[{"embeddable":true,"href":"https:\/\/inoxformes.com\/index.php\/wp-json\/wp\/v2\/users\/1"}],"replies":[{"embeddable":true,"href":"https:\/\/inoxformes.com\/index.php\/wp-json\/wp\/v2\/comments?post=821"}],"version-history":[{"count":2,"href":"https:\/\/inoxformes.com\/index.php\/wp-json\/wp\/v2\/pages\/821\/revisions"}],"predecessor-version":[{"id":825,"href":"https:\/\/inoxformes.com\/index.php\/wp-json\/wp\/v2\/pages\/821\/revisions\/825"}],"wp:attachment":[{"href":"https:\/\/inoxformes.com\/index.php\/wp-json\/wp\/v2\/media?parent=821"}],"curies":[{"name":"wp","href":"https:\/\/api.w.org\/{rel}","templated":true}]}}