{"id":810,"date":"2023-03-28T16:17:31","date_gmt":"2023-03-28T16:17:31","guid":{"rendered":"https:\/\/inoxformes.com\/?page_id=810"},"modified":"2023-03-28T16:23:17","modified_gmt":"2023-03-28T16:23:17","slug":"aviso-legal","status":"publish","type":"page","link":"https:\/\/inoxformes.com\/index.php\/aviso-legal\/","title":{"rendered":"Aviso Legal"},"content":{"rendered":"\n<h2 class=\"wp-block-heading\"><strong>Aviso Legal<\/strong><\/h2>\n\n\n\n<p class=\"has-black-color has-text-color\">En cumplimiento con lo establecido en la Ley 34\/2002 de 11 de julio, de Servicios de la Sociedad de la Informaci\u00f3n y el Comercio Electr\u00f3nico (LSSICE), se informa de los siguientes aspectos legales:<\/p>\n\n\n\n<h3 class=\"wp-block-heading\"><strong>PROPIEDAD DEL SITIO WEB<\/strong><\/h3>\n\n\n\n<p class=\"has-black-color has-text-color\">Responsable: INOX-FORMES SL (en adelante INOX-FORMES)<br>Nif: B17495888<br>Direcci\u00f3n: Pol\u00edgono Industrial Les Coromines, 31, 17857, Girona<br>Tel\u00e9fono: 972 29 07 29<br>Email: info@inoxformes.com<\/p>\n\n\n\n<h3 class=\"wp-block-heading\"><strong>CONDICIONES GENERALES DE USO<\/strong><\/h3>\n\n\n\n<p class=\"has-black-color has-text-color\">Todos los elementos que forman el sitio web, as\u00ed como su estructura, dise\u00f1o, c\u00f3digo fuente, as\u00ed como los logotipos, marcas y otros signos distintivos que aparecen en la misma, son titularidad de INOX-FORMES o de sus colaboradores y est\u00e1n protegidos por los correspondientes derechos de propiedad intelectual e industrial.<br><br>Igualmente est\u00e1n protegidos por los correspondientes derechos de propiedad intelectual e industrial las im\u00e1genes y otros elementos gr\u00e1ficos incluidos al sitio web.<br><br>INOX-FORMES proh\u00edbe expresamente la realizaci\u00f3n de \u00abframing\u00bb o la utilizaci\u00f3n por parte de terceros de cualesquiera otros mecanismos que alteren el dise\u00f1o, configuraci\u00f3n original o contenidos de nuestro sitio web.<br><br>El uso de los contenidos tiene que respetar la suya licenciamiento particular. De tal manera su uso, reproducci\u00f3n, distribuci\u00f3n, comunicaci\u00f3n p\u00fablica, transformaci\u00f3n o cualquier otra actividad similar o an\u00e1loga, queda totalmente prohibida salvo que haya previa y expr\u00e9s autorizaci\u00f3n de INOX-FORMES.<br><br>\u00danicamente se autoriza la reproducci\u00f3n total o parcial de los textos y contenidos proporcionados por el sitio web, siempre que concurran todas y cada una de las siguientes condiciones:<br><br>1. Se mantenga la integridad de los contenidos, documentos o gr\u00e1ficos<br>2. Se cite expresamente a INOX-FORMES como fuente y origen de aquellos.<br>3. El prop\u00f3sito y la finalidad de tal uso sea compatible con los fines de la web y \/ o actividad de INOX-FORMES.<br>4. No se pretenda un uso comercial, quedando expresamente prohibidas su distribuci\u00f3n, comunicaci\u00f3n p\u00fablica, transformaci\u00f3n o des compilaci\u00f3n.<br><br>Cualquier otro uso tendr\u00e1 que ser comunicado y autorizado por INOX-FORMES, previa y expresamente.<br><br>Respecto a las citas de productos y servicios de terceros, INOX-FORMES reconoce a favor de sus titulares los correspondientes derechos de propiedad industrial e intelectual, no implicando su sola menci\u00f3n o aparici\u00f3n en la web la existencia de derechos ni de responsabilidad alguna sobre los mismos, como tampoco respaldo, patrocinio o recomendaci\u00f3n.<br><br>INOX-FORMES declara el suyo respecto a los derechos de propiedad intelectual e industrial de terceros; por eso, si considera que nuestro sitio web pudieran estar violando sus derechos, rogamos se pose en contacto con INOX-FORMES.<\/p>\n\n\n\n<h3 class=\"wp-block-heading\">RESPONSABILIDAD<\/h3>\n\n\n\n<p class=\"has-black-color has-text-color\">INOX-FORMES no garantiza la inexistencia de errores en el acceso a la web, en su contenido, ni que este se encuentre actualizado, aunque INOX-FORMES desarrollar\u00e1 sus mejores esfuerzos para, en su caso, evitarlos, subsanarlos o actualizarlos.<br><br>Tanto el acceso al sitio web de INOX-FORMES, como el uso que pueda hacerse de la informaci\u00f3n contenida en los mismos es de la exclusiva responsabilidad de quien lo realiza.<br><br>INOX-FORMES no se hace responsable de la informaci\u00f3n y contenidos almacenados, a t\u00edtulo enunciativo pero no limitativo, en foros, chats, blogs, comentarios, redes sociales o cualquier otro medio que permita a terceros publicar contenidos de la forma independiente en la p\u00e1gina web de INOX-FORMES .<br><br>No obstante y en cumplimiento de lo dispuesto en la LSSI, INOX-FORMES se pone a disposici\u00f3n de todos los usuarios, autoridades y fuerzas de seguridad, y colaborando de forma activa en la retirada o en su caso bloqueo de todos aquellos contenidos que pudieran afectar o contravenir la legislaci\u00f3n nacional, o internacional, derechos de terceros o la moral y el orden p\u00fablico. En caso de que el usuario considere que existe en el sitio web alg\u00fan contenido que pudiera ser susceptible de esta clasificaci\u00f3n, rogamos se ponga en contacto con INOX-FORMES.<br><br>INOX-FORMES no se responsabiliza de las contestaciones que se realicen a trav\u00e9s de las distintas direcciones de correo electr\u00f3nico que aparecen en su sitio web, por lo que en ning\u00fan caso podr\u00e1 derivarse efecto jur\u00eddico vinculante de las mismas.<\/p>\n\n\n\n<h3 class=\"wp-block-heading\"><strong>LINKS O HIPERENLACES<\/strong><\/h3>\n\n\n\n<p class=\"has-black-color has-text-color\">Los enlaces contenidos en nuestro sitio web pueden dirigir a contenidos Web de tercero. El objetivo de estos enlaces es \u00fanicamente facilitarle la b\u00fasqueda de los recursos que le puedan interesar a trav\u00e9s de Internet. Sin embargo, estas p\u00e1ginas no pertenecen a INOX-FORMES, ni hace una revisi\u00f3n de sus contenidos y, por ello, INOX-FORMES no asume ninguna responsabilidad por el contenido, informaciones o servicios que pudieran aparecer en dichos sitios, que tendr\u00e1n exclusivamente car\u00e1cter informativo y que en ning\u00fan caso implican relaci\u00f3n entre INOX-FORMES y las personas o entidades titulares de tales contenidos o titulares de otros sitios donde se encuentren. INOX-FORMES tampoco puede hacerse responsable del funcionamiento de la p\u00e1gina enlazada o de los posibles da\u00f1os que puedan derivarse del acceso o uso de la misma.<\/p>\n\n\n\n<p class=\"has-black-color has-text-color\">Los enlaces en el sitio web de INOX-FORMES deber\u00e1n respetar las siguientes condiciones:<\/p>\n\n\n\n<p class=\"has-black-color has-text-color\">1. El establecimiento del enlace no supondr\u00e1 ning\u00fan tipo de acuerdo, contrato, patrocinio ni recomendaci\u00f3n por parte de INOX-FORMES de la p\u00e1gina que realiza el enlace.<br>2. La p\u00e1gina web en la que se establezca el hiperenlace no contendr\u00e1 informaciones con contenidos que sean il\u00edcitos, discriminatorios, contrarios a los principios.<br>3. INOX-FORMES puede solicitar que se retire un enlace a su web, sin necesidad de alegar causa alguna. En este caso, la p\u00e1gina que haya realizado el enlace deber\u00e1 proceder a su inmediata supresi\u00f3n, tan pronto como reciba la notificaci\u00f3n de INOX-FORMES.<br>4. No se responsabiliza de ninguna manera ni garantiza la claridad, exactitud, fiabilidad, correcci\u00f3n o moralidad de contenidos o servicios que el establecimiento del hiperenlace pueda ofrecer. El usuario asume bajo su exclusiva responsabilidad las consecuencias, da\u00f1os o acciones que pudieran derivarse del acceso a la p\u00e1gina web del hiperenlace.<br>5. La p\u00e1gina web en la que se establezca el hiperenlace no podr\u00e1 contener marca, denominaci\u00f3n, logotipo, eslogan u otros signos distintivos pertenecientes a INOX-FORMES salvo aquellos signos que formen parte del mismo hiperenlace.<\/p>\n\n\n\n<h3 class=\"wp-block-heading\"><strong>PROTECCI\u00d3N DE DATOS PERSONALES<\/strong><\/h3>\n\n\n\n<p class=\"has-black-color has-text-color\">Los datos personales solicitados para la prestaci\u00f3n de nuestros servicios se incluyen en ficheros sometidos a lo dispuesto en la Ley Org\u00e1nica de Protecci\u00f3n de Datos 15\/1999 (LOPD) y el Real Decreto 1720\/2007, de 21 de diciembre, por el que se aprueba el reglamento de desarrollo de la misma (RLOPD) y el Reglamento General de Protecci\u00f3n de Datos de la Uni\u00f3n Europea (UE 2016\/679 GDPR).<\/p>\n\n\n\n<p class=\"has-black-color has-text-color\">La recogida y tratamiento de estos datos se llevan a cabo por INOX-FORMES, y tienen como finalidad la gesti\u00f3n, prestaci\u00f3n, ampliaci\u00f3n y mejora de los servicios solicitados en cada momento por el usuario, el seguimiento de consultas, participaci\u00f3n en procesos de selecci\u00f3n de personal, comunicaciones electr\u00f3nicas y \/ o la confecci\u00f3n de estad\u00edsticas.<\/p>\n\n\n\n<p class=\"has-black-color has-text-color\">Los servicios prestados por INOX-FORMES est\u00e1n dirigidos a mayores de 14 a\u00f1os. En el supuesto excepcional de que se desarrollara alg\u00fan servicio dirigido espec\u00edficamente a menores de esa edad, INOX-FORMES solicitar\u00e1 la conformidad de los padres o tutores para la recogida de los datos personales o, en su caso, para el tratamiento de los mismos.<\/p>\n\n\n\n<p class=\"has-black-color has-text-color\">INOX-FORMES se compromete a cumplir su obligaci\u00f3n de secreto respecto a los datos de car\u00e1cter personal suministrados y al deber de tratarlos con confidencialidad y reserva, conforme a la legislaci\u00f3n vigente. A estos efectos adoptar\u00e1 las medidas necesarias para evitar su alteraci\u00f3n, p\u00e9rdida, tratamiento o acceso no autorizado.<\/p>\n\n\n\n<h3 class=\"wp-block-heading\"><strong>DERECHOS DE LOS INTERESADOS<\/strong><\/h3>\n\n\n\n<p class=\"has-black-color has-text-color\">La normativa vigente de protecci\u00f3n de datos le ampara en una serie de derechos en relaci\u00f3n al uso que le damos a los datos. Todos y cada uno de sus derechos son unipersonales e intransferibles, es decir, que \u00fanicamente pueden ser realizados por el titular de los datos, previa comprobaci\u00f3n de su identidad.<\/p>\n\n\n\n<p class=\"has-black-color has-text-color\">A continuaci\u00f3n te indicamos cu\u00e1les son los derechos que le asisten:<\/p>\n\n\n\n<p class=\"has-black-color has-text-color\">\u2022 Solicitar el ACCESO a sus datos personales<br>\u2022 Solicitar la RECTIFICACI\u00d3N de sus datos<br>\u2022 Solicitar la SUPRESI\u00d3N o eliminaci\u00f3n de sus datos (derecho al \u00abolvido\u00bb)<br>\u2022 LIMITAR u oponerse al uso que le damos a sus datos<br>\u2022 Derecho a la PORTABILIDAD de sus datos para casos de servicios de telecomunicaciones o internet.<br>\u2022 Derecho a RETIRAR su consentimiento en cualquier momento<br>\u2022 Derecho a presentar una RECLAMACI\u00d3N en materia de protecci\u00f3n de datos ante la Autoridad de Control: Agencia de Protecci\u00f3n de Datos<\/p>\n\n\n\n<p class=\"has-black-color has-text-color\">\u00bfComo puede ejercer sus derechos en relaci\u00f3n a sus datos?<\/p>\n\n\n\n<p class=\"has-black-color has-text-color\">Para el ejercicio de sus derechos de acceso, rectificaci\u00f3n, supresi\u00f3n, limitaci\u00f3n u oposici\u00f3n, portabilidad y retirada de su consentimiento, puede hacerlo de la siguiente manera:<\/p>\n\n\n\n<p class=\"has-black-color has-text-color\">Mediante escrito y copia del DNI, indicando la referencia RGPD dirigida a:<\/p>\n\n\n\n<p class=\"has-black-color has-text-color\">INOX-FORMES SL (en adelante INOX-FORMES)<br>Att. Responsable de Protecci\u00f3n de Datos<br>Pol\u00edgono Industrial Les Coromines, 31, 17857, Girona<br>Email: info@inoxformes.com<\/p>\n\n\n\n<p class=\"has-black-color has-text-color\">\u00bfComo puede presentar una reclamaci\u00f3n?<\/p>\n\n\n\n<p class=\"has-black-color has-text-color\">Adem\u00e1s de los derechos que le asisten, si cree que sus datos no se est\u00e1n recaudando o tratando de acuerdo con la normativa vigente de Protecci\u00f3n de Datos, usted podr\u00e1 realizar una reclamaci\u00f3n ante la Autoridad de Control:<\/p>\n\n\n\n<p class=\"has-black-color has-text-color\"><a href=\"http:\/\/www.agpd.es\/\">http:\/\/www.agpd.es<\/a><\/p>\n","protected":false},"excerpt":{"rendered":"<p>Aviso Legal En cumplimiento con lo establecido en la Ley 34\/2002 de 11 de julio, de Servicios de la Sociedad de la Informaci\u00f3n y el Comercio Electr\u00f3nico (LSSICE), se informa de los siguientes aspectos legales: PROPIEDAD DEL SITIO WEB Responsable: INOX-FORMES SL (en adelante INOX-FORMES)Nif: B17495888Direcci\u00f3n: Pol\u00edgono Industrial Les Coromines, 31, 17857, GironaTel\u00e9fono: 972 29 [&hellip;]<\/p>\n","protected":false},"author":1,"featured_media":0,"parent":0,"menu_order":0,"comment_status":"closed","ping_status":"open","template":"","meta":{"site-sidebar-layout":"default","site-content-layout":"","ast-site-content-layout":"","site-content-style":"default","site-sidebar-style":"default","ast-global-header-display":"","ast-banner-title-visibility":"","ast-main-header-display":"","ast-hfb-above-header-display":"","ast-hfb-below-header-display":"","ast-hfb-mobile-header-display":"","site-post-title":"disabled","ast-breadcrumbs-content":"","ast-featured-img":"","footer-sml-layout":"","theme-transparent-header-meta":"","adv-header-id-meta":"","stick-header-meta":"","header-above-stick-meta":"","header-main-stick-meta":"","header-below-stick-meta":"","astra-migrate-meta-layouts":"default","ast-page-background-enabled":"default","ast-page-background-meta":{"desktop":{"background-color":"","background-image":"","background-repeat":"repeat","background-position":"center center","background-size":"auto","background-attachment":"scroll","background-type":"","background-media":"","overlay-type":"","overlay-color":"","overlay-opacity":"","overlay-gradient":""},"tablet":{"background-color":"","background-image":"","background-repeat":"repeat","background-position":"center center","background-size":"auto","background-attachment":"scroll","background-type":"","background-media":"","overlay-type":"","overlay-color":"","overlay-opacity":"","overlay-gradient":""},"mobile":{"background-color":"","background-image":"","background-repeat":"repeat","background-position":"center center","background-size":"auto","background-attachment":"scroll","background-type":"","background-media":"","overlay-type":"","overlay-color":"","overlay-opacity":"","overlay-gradient":""}},"ast-content-background-meta":{"desktop":{"background-color":"var(--ast-global-color-5)","background-image":"","background-repeat":"repeat","background-position":"center center","background-size":"auto","background-attachment":"scroll","background-type":"","background-media":"","overlay-type":"","overlay-color":"","overlay-opacity":"","overlay-gradient":""},"tablet":{"background-color":"var(--ast-global-color-5)","background-image":"","background-repeat":"repeat","background-position":"center center","background-size":"auto","background-attachment":"scroll","background-type":"","background-media":"","overlay-type":"","overlay-color":"","overlay-opacity":"","overlay-gradient":""},"mobile":{"background-color":"var(--ast-global-color-5)","background-image":"","background-repeat":"repeat","background-position":"center center","background-size":"auto","background-attachment":"scroll","background-type":"","background-media":"","overlay-type":"","overlay-color":"","overlay-opacity":"","overlay-gradient":""}},"footnotes":""},"class_list":["post-810","page","type-page","status-publish","hentry"],"_links":{"self":[{"href":"https:\/\/inoxformes.com\/index.php\/wp-json\/wp\/v2\/pages\/810","targetHints":{"allow":["GET"]}}],"collection":[{"href":"https:\/\/inoxformes.com\/index.php\/wp-json\/wp\/v2\/pages"}],"about":[{"href":"https:\/\/inoxformes.com\/index.php\/wp-json\/wp\/v2\/types\/page"}],"author":[{"embeddable":true,"href":"https:\/\/inoxformes.com\/index.php\/wp-json\/wp\/v2\/users\/1"}],"replies":[{"embeddable":true,"href":"https:\/\/inoxformes.com\/index.php\/wp-json\/wp\/v2\/comments?post=810"}],"version-history":[{"count":8,"href":"https:\/\/inoxformes.com\/index.php\/wp-json\/wp\/v2\/pages\/810\/revisions"}],"predecessor-version":[{"id":820,"href":"https:\/\/inoxformes.com\/index.php\/wp-json\/wp\/v2\/pages\/810\/revisions\/820"}],"wp:attachment":[{"href":"https:\/\/inoxformes.com\/index.php\/wp-json\/wp\/v2\/media?parent=810"}],"curies":[{"name":"wp","href":"https:\/\/api.w.org\/{rel}","templated":true}]}}